{"id":6,"date":"2024-05-02T11:38:46","date_gmt":"2024-05-02T14:38:46","guid":{"rendered":"https:\/\/solucoespp.com.br\/sorteio5anos\/?page_id=6"},"modified":"2024-07-01T14:29:37","modified_gmt":"2024-07-01T17:29:37","slug":"home","status":"publish","type":"page","link":"https:\/\/solucoespp.com.br\/sorteio5anos\/","title":{"rendered":"Home"},"content":{"rendered":"\t\t<div data-elementor-type=\"wp-post\" data-elementor-id=\"6\" class=\"elementor elementor-6\">\n\t\t\t\t<div class=\"elementor-element elementor-element-df88884 e-flex e-con-boxed e-con e-parent\" data-id=\"df88884\" data-element_type=\"container\" data-settings=\"{&quot;background_background&quot;:&quot;classic&quot;}\">\n\t\t\t\t\t<div class=\"e-con-inner\">\n\t\t\t\t<div class=\"elementor-element elementor-element-f5196a2 elementor-widget elementor-widget-image\" data-id=\"f5196a2\" data-element_type=\"widget\" data-widget_type=\"image.default\">\n\t\t\t\t<div class=\"elementor-widget-container\">\n\t\t\t<style>\/*! elementor - v3.21.0 - 30-04-2024 *\/\n.elementor-widget-image{text-align:center}.elementor-widget-image a{display:inline-block}.elementor-widget-image a img[src$=\".svg\"]{width:48px}.elementor-widget-image img{vertical-align:middle;display:inline-block}<\/style>\t\t\t\t\t\t\t\t\t\t\t<a href=\"https:\/\/www.solucoespp.com.br\/\" target=\"_blank\">\n\t\t\t\t\t\t\t<img decoding=\"async\" width=\"247\" height=\"91\" src=\"https:\/\/solucoespp.com.br\/sorteio5anos\/wp-content\/uploads\/2024\/05\/logo-branca.png\" class=\"attachment-large size-large wp-image-11\" alt=\"\" \/>\t\t\t\t\t\t\t\t<\/a>\n\t\t\t\t\t\t\t\t\t\t\t\t\t<\/div>\n\t\t\t\t<\/div>\n\t\t\t\t\t<\/div>\n\t\t\t\t<\/div>\n\t\t<div class=\"elementor-element elementor-element-a39e443 e-flex e-con-boxed e-con e-parent\" data-id=\"a39e443\" data-element_type=\"container\" data-settings=\"{&quot;background_background&quot;:&quot;classic&quot;}\">\n\t\t\t\t\t<div class=\"e-con-inner\">\n\t\t\t\t<div class=\"elementor-element elementor-element-5bbb6f8 elementor-widget elementor-widget-spacer\" data-id=\"5bbb6f8\" data-element_type=\"widget\" data-widget_type=\"spacer.default\">\n\t\t\t\t<div class=\"elementor-widget-container\">\n\t\t\t<style>\/*! elementor - v3.21.0 - 30-04-2024 *\/\n.elementor-column .elementor-spacer-inner{height:var(--spacer-size)}.e-con{--container-widget-width:100%}.e-con-inner>.elementor-widget-spacer,.e-con>.elementor-widget-spacer{width:var(--container-widget-width,var(--spacer-size));--align-self:var(--container-widget-align-self,initial);--flex-shrink:0}.e-con-inner>.elementor-widget-spacer>.elementor-widget-container,.e-con>.elementor-widget-spacer>.elementor-widget-container{height:100%;width:100%}.e-con-inner>.elementor-widget-spacer>.elementor-widget-container>.elementor-spacer,.e-con>.elementor-widget-spacer>.elementor-widget-container>.elementor-spacer{height:100%}.e-con-inner>.elementor-widget-spacer>.elementor-widget-container>.elementor-spacer>.elementor-spacer-inner,.e-con>.elementor-widget-spacer>.elementor-widget-container>.elementor-spacer>.elementor-spacer-inner{height:var(--container-widget-height,var(--spacer-size))}.e-con-inner>.elementor-widget-spacer.elementor-widget-empty,.e-con>.elementor-widget-spacer.elementor-widget-empty{position:relative;min-height:22px;min-width:22px}.e-con-inner>.elementor-widget-spacer.elementor-widget-empty .elementor-widget-empty-icon,.e-con>.elementor-widget-spacer.elementor-widget-empty .elementor-widget-empty-icon{position:absolute;top:0;bottom:0;left:0;right:0;margin:auto;padding:0;width:22px;height:22px}<\/style>\t\t<div class=\"elementor-spacer\">\n\t\t\t<div class=\"elementor-spacer-inner\"><\/div>\n\t\t<\/div>\n\t\t\t\t<\/div>\n\t\t\t\t<\/div>\n\t\t\t\t\t<\/div>\n\t\t\t\t<\/div>\n\t\t<div class=\"elementor-element elementor-element-df73f58 e-flex e-con-boxed e-con e-parent\" data-id=\"df73f58\" data-element_type=\"container\">\n\t\t\t\t\t<div class=\"e-con-inner\">\n\t\t\t\t<div class=\"elementor-element elementor-element-a4fc045 elementor-widget elementor-widget-spacer\" data-id=\"a4fc045\" data-element_type=\"widget\" data-widget_type=\"spacer.default\">\n\t\t\t\t<div class=\"elementor-widget-container\">\n\t\t\t\t\t<div class=\"elementor-spacer\">\n\t\t\t<div class=\"elementor-spacer-inner\"><\/div>\n\t\t<\/div>\n\t\t\t\t<\/div>\n\t\t\t\t<\/div>\n\t\t\t\t<div class=\"elementor-element elementor-element-0fb52f0 elementor-widget elementor-widget-heading\" data-id=\"0fb52f0\" data-element_type=\"widget\" data-widget_type=\"heading.default\">\n\t\t\t\t<div class=\"elementor-widget-container\">\n\t\t\t<style>\/*! elementor - v3.21.0 - 30-04-2024 *\/\n.elementor-heading-title{padding:0;margin:0;line-height:1}.elementor-widget-heading .elementor-heading-title[class*=elementor-size-]>a{color:inherit;font-size:inherit;line-height:inherit}.elementor-widget-heading .elementor-heading-title.elementor-size-small{font-size:15px}.elementor-widget-heading .elementor-heading-title.elementor-size-medium{font-size:19px}.elementor-widget-heading .elementor-heading-title.elementor-size-large{font-size:29px}.elementor-widget-heading .elementor-heading-title.elementor-size-xl{font-size:39px}.elementor-widget-heading .elementor-heading-title.elementor-size-xxl{font-size:59px}<\/style><h2 class=\"elementor-heading-title elementor-size-default\">INSCREVA-SE<\/h2>\t\t<\/div>\n\t\t\t\t<\/div>\n\t\t\t\t<div class=\"elementor-element elementor-element-461c6eb elementor-widget elementor-widget-heading\" data-id=\"461c6eb\" data-element_type=\"widget\" data-widget_type=\"heading.default\">\n\t\t\t\t<div class=\"elementor-widget-container\">\n\t\t\t<h2 class=\"elementor-heading-title elementor-size-default\">*Todos os campos s\u00e3o obrigat\u00f3rios<\/h2>\t\t<\/div>\n\t\t\t\t<\/div>\n\t\t\t\t<div class=\"elementor-element elementor-element-d81979d elementor-widget elementor-widget-heading\" data-id=\"d81979d\" data-element_type=\"widget\" data-widget_type=\"heading.default\">\n\t\t\t\t<div class=\"elementor-widget-container\">\n\t\t\t<h2 class=\"elementor-heading-title elementor-size-default\">Promo\u00e7\u00e3o Encerrada<\/h2>\t\t<\/div>\n\t\t\t\t<\/div>\n\t\t\t\t<div class=\"elementor-element elementor-element-7ee7e3b elementor-hidden-desktop elementor-hidden-tablet elementor-hidden-mobile elementor-widget elementor-widget-html\" data-id=\"7ee7e3b\" data-element_type=\"widget\" data-widget_type=\"html.default\">\n\t\t\t\t<div class=\"elementor-widget-container\">\n\t\t\t<!-- Begin Mailchimp Signup Form -->\n<link href=\"\/\/cdn-images.mailchimp.com\/embedcode\/classic-10_7_dtp.css\" rel=\"stylesheet\" type=\"text\/css\">\n\n<style type=\"text\/css\">\n\t#mc_embed_signup{background:rgba(255,255,255,0.8); clear:left; font:14px Exo,Arial,sans-serif; text-align:center;}\n\t\/* Add your own Mailchimp form style overrides in your site stylesheet or in this style block.\n\t   We recommend moving this block and the preceding CSS link to the HEAD of your HTML file. *\/\n<\/style>\n\n<div id=\"mc_embed_signup\">\n    \n    <form action=\"https:\/\/solucoespp.us22.list-manage.com\/subscribe\/post?u=d58620e8f22d92c6e00159c40&amp;id=cda94db27c&amp;f_id=0055c5e1f0\" method=\"post\" id=\"mc-embedded-subscribe-form\" name=\"mc-embedded-subscribe-form\" class=\"validate\" target=\"_blank\" novalidate>\n    \n        <div id=\"mc_embed_signup_scroll\">\n            <div class=\"mc-field-group\">\n                <h6><label style=\"margin-bottom: -10px;\" for=\"mce-FNAME\"> NOME\n                <\/label><\/h6>\n                <input type=\"text\" value=\"\" name=\"FNAME\" class=\"required\" id=\"mce-FNAME\" style=\"text-transform:uppercase; border:0;border-radius:25px; background: #E6EBED; padding:5px 15px; margin-bottom: -10px;\">\n            <\/div>\n<div class=\"mc-field-group\">\n    <h6><label style=\"margin-bottom: -10px;\" for=\"mce-FNAME\">E-MAIL <\/label><\/h6>\n\t<input type=\"email\" value=\"\" name=\"EMAIL\" class=\"required email\" id=\"mce-EMAIL\" style=\"text-transform:uppercase; border:0;border-radius:25px; background: #E6EBED; padding:5px 15px; margin-bottom: -10px;\">\n<\/div>\n<div class=\"mc-field-group\">\n    <h6><label style=\"margin-bottom: -10px;\" for=\"mce-FNAME\">CNPJ <\/label><\/h6>\n\t<input type=\"text\" value=\"\" name=\"CNPJ\" class=\"\" id=\"mce-CNPJ\" style=\"text-transform:uppercase; border:0;border-radius:25px; background: #E6EBED; padding:5px 15px; margin-bottom: -10px;\">\n<\/div>\n<div class=\"mc-field-group\">\n     <h6><label style=\"margin-bottom: -10px;\" for=\"mce-FNAME\">CELULAR <\/label><\/h6>\n\t<input type=\"text\" style=\"text-transform:uppercase border:0;border-radius:25px; background: #E6EBED; padding:5px 15px; margin-bottom: 10px;\" placeholder=\"Ex.: (00) 0000-0000\" name=\"PHONE\" class=\"required\" value=\"\" id=\"mce-PHONE\">\n<\/div>\n<div hidden=\"true\"><input type=\"hidden\" name=\"tags\" value=\"7264753\"><\/div>\n\t<div id=\"mce-responses\" class=\"clear foot\">\n\t\t<div class=\"response\" id=\"mce-error-response\" style=\"display:none\"><\/div>\n\t\t<div class=\"response\" id=\"mce-success-response\" style=\"display:none\"><\/div>\n\t<\/div>    <!-- real people should not fill this in and expect good things - do not remove this or risk form bot signups-->\n    <div style=\"position: absolute; left: -5000px;\" aria-hidden=\"true\"><input type=\"text\" name=\"b_4f5c0d34f8268e478bd29cdc0_e76f46a586\" tabindex=\"-1\" value=\"\"><\/div>\n        <div class=\"optionalParent\">\n            <div class=\"\">\n                <input style=\"width:96%; font-size:20px; line-height:14px;background-color:#1cafec; color:white; text-align:center; border-radius:25px; border:0; padding: 10px 30px;\" type=\"submit\" value=\"ENVIAR\" name=\"subscribe\" id=\"mc-embedded-subscribe\" class=\"button\">\n            <\/div>\n        <\/div>\n    <\/div>\n<\/form>\n<\/div>\n<script type='text\/javascript' src='\/\/s3.amazonaws.com\/downloads.mailchimp.com\/js\/mc-validate.js'><\/script><script type='text\/javascript'>(function($) {window.fnames = new Array(); window.ftypes = new Array();fnames[1]='FNAME';ftypes[1]='text';fnames[0]='EMAIL';ftypes[0]='email';fnames[2]='PHONE';ftypes[2]='phone';fnames[3]='CITY';ftypes[3]='text'; \/**\n * Translated default messages for the $ validation plugin.\n * Locale: PT_PT\n *\/\n$.extend($.validator.messages, {\n\trequired: \"Campo de preenchimento obrigat&oacute;rio.\",\n\tremote: \"Por favor, corrija este campo.\",\n\temail: \"Por favor, introduza um endere&ccedil;o eletr&oacute;nico v&aacute;lido.\",\n\turl: \"Por favor, introduza um URL v&aacute;lido.\",\n\tdate: \"Por favor, introduza uma data v&aacute;lida.\",\n\tdateISO: \"Por favor, introduza uma data v&aacute;lida (ISO).\",\n\tnumber: \"Por favor, introduza um n&uacute;mero v&aacute;lido.\",\n\tdigits: \"Por favor, introduza apenas d&iacute;gitos.\",\n\tcreditcard: \"Por favor, introduza um n&uacute;mero de cart&atilde;o de cr&eacute;dito v&aacute;lido.\",\n\tequalTo: \"Por favor, introduza de novo o mesmo valor.\",\n\taccept: \"Por favor, introduza um ficheiro com uma extens&atilde;o v&aacute;lida.\",\n\tmaxlength: $.validator.format(\"Por favor, n&atilde;o introduza mais do que {0} caracteres.\"),\n\tminlength: $.validator.format(\"Por favor, introduza pelo menos {0} caracteres.\"),\n\trangelength: $.validator.format(\"Por favor, introduza entre {0} e {1} caracteres.\"),\n\trange: $.validator.format(\"Por favor, introduza um valor entre {0} e {1}.\"),\n\tmax: $.validator.format(\"Por favor, introduza um valor menor ou igual a {0}.\"),\n\tmin: $.validator.format(\"Por favor, introduza um valor maior ou igual a {0}.\")\n});}(jQuery));var $mcj = jQuery.noConflict(true);<\/script>\n<!--End mc_embed_signup-->\t\t<\/div>\n\t\t\t\t<\/div>\n\t\t\t\t<div class=\"elementor-element elementor-element-f687ef1 elementor-widget elementor-widget-text-editor\" data-id=\"f687ef1\" data-element_type=\"widget\" data-widget_type=\"text-editor.default\">\n\t\t\t\t<div class=\"elementor-widget-container\">\n\t\t\t<style>\/*! elementor - v3.21.0 - 30-04-2024 *\/\n.elementor-widget-text-editor.elementor-drop-cap-view-stacked .elementor-drop-cap{background-color:#69727d;color:#fff}.elementor-widget-text-editor.elementor-drop-cap-view-framed .elementor-drop-cap{color:#69727d;border:3px solid;background-color:transparent}.elementor-widget-text-editor:not(.elementor-drop-cap-view-default) .elementor-drop-cap{margin-top:8px}.elementor-widget-text-editor:not(.elementor-drop-cap-view-default) .elementor-drop-cap-letter{width:1em;height:1em}.elementor-widget-text-editor .elementor-drop-cap{float:left;text-align:center;line-height:1;font-size:50px}.elementor-widget-text-editor .elementor-drop-cap-letter{display:inline-block}<\/style>\t\t\t\t<p><br><\/p><p>Regulamento: Promovido pela empresa Comercio de Estruturas de Armazenagem Piassa e Basani, CNPJ 32.657.536\/0001-70. Modalidade da promo\u00e7\u00e3o: sorteio. Per\u00edodo de participa\u00e7\u00e3o: 02\/05\/2024 a 30\/06\/2024. Data da apura\u00e7\u00e3o do sorteio: 01\/07\/2024, em modalidade ao vivo atrav\u00e9s da rede social meta. Integram opr\u00eamio os seguintes produtos: G\u00f4ndolas (de todos os modelos) e Mini Porta Pallets, at\u00e9 o valor m\u00e1ximo do pr\u00eamio de R$ 8.000,00 (oito mil reais). A empresa precisa ter CNPJ ativo. Necess\u00e1rio preencher TODOS os campos do formul\u00e1rio no site da campanha. O perfil da empresa cadastrada ou um dos representantes da mesma dever\u00e1 estar seguindo o perfil @solucoespp na rede social instagram. O descumprimento de qualquer uma das regras acima causar\u00e1 a desclassifica\u00e7\u00e3o do inscrito. O valor total do pr\u00eamio destina-se apenas a entrega de produtos, n\u00e3o podendo ser trocado por dinheiro ou qualquer outro produto n\u00e3o listado acima. O pr\u00eamio \u00e9 intransfer\u00edvel e destinado apenas ao CNPJ cadastrado no ato da inscri\u00e7\u00e3o. Da entrega do pr\u00eamio: em um raio m\u00e1ximo de at\u00e9 300 km (trezentos quil\u00f4metros) da cidade de Ibipor\u00e3 &#8211; Pr, a entrega ser\u00e1 realizada por conta da empresa promotora do sorteio; acima do raio de 300 km (trezentos quil\u00f4metros) da cidade de Ibipor\u00e3 &#8211; Pr, o transporte ser\u00e1 por conta do contemplado no sorteio.<\/p>\t\t\t\t\t\t<\/div>\n\t\t\t\t<\/div>\n\t\t\t\t\t<\/div>\n\t\t\t\t<\/div>\n\t\t<div class=\"elementor-element elementor-element-ed43e0d e-flex e-con-boxed e-con e-parent\" data-id=\"ed43e0d\" data-element_type=\"container\" data-settings=\"{&quot;background_background&quot;:&quot;classic&quot;}\">\n\t\t\t\t\t<div class=\"e-con-inner\">\n\t\t\t\t<div class=\"elementor-element elementor-element-4abc4ab elementor-widget elementor-widget-spacer\" data-id=\"4abc4ab\" data-element_type=\"widget\" data-widget_type=\"spacer.default\">\n\t\t\t\t<div class=\"elementor-widget-container\">\n\t\t\t\t\t<div class=\"elementor-spacer\">\n\t\t\t<div class=\"elementor-spacer-inner\"><\/div>\n\t\t<\/div>\n\t\t\t\t<\/div>\n\t\t\t\t<\/div>\n\t\t\t\t<div class=\"elementor-element elementor-element-374be18 elementor-hidden-desktop elementor-widget elementor-widget-spacer\" data-id=\"374be18\" data-element_type=\"widget\" data-widget_type=\"spacer.default\">\n\t\t\t\t<div class=\"elementor-widget-container\">\n\t\t\t\t\t<div class=\"elementor-spacer\">\n\t\t\t<div class=\"elementor-spacer-inner\"><\/div>\n\t\t<\/div>\n\t\t\t\t<\/div>\n\t\t\t\t<\/div>\n\t\t\t\t\t<\/div>\n\t\t\t\t<\/div>\n\t\t\t\t<\/div>\n\t\t","protected":false},"excerpt":{"rendered":"<p>INSCREVA-SE *Todos os campos s\u00e3o obrigat\u00f3rios Promo\u00e7\u00e3o Encerrada NOME E-MAIL CNPJ CELULAR Regulamento: Promovido pela empresa Comercio de Estruturas de Armazenagem Piassa e Basani, CNPJ 32.657.536\/0001-70. Modalidade da promo\u00e7\u00e3o: sorteio. Per\u00edodo de participa\u00e7\u00e3o: 02\/05\/2024 a 30\/06\/2024. Data da apura\u00e7\u00e3o do sorteio: 01\/07\/2024, em modalidade ao vivo atrav\u00e9s da rede social meta. Integram opr\u00eamio os seguintes [&hellip;]<\/p>\n","protected":false},"author":1,"featured_media":0,"parent":0,"menu_order":0,"comment_status":"closed","ping_status":"closed","template":"","meta":{"footnotes":""},"_links":{"self":[{"href":"https:\/\/solucoespp.com.br\/sorteio5anos\/wp-json\/wp\/v2\/pages\/6"}],"collection":[{"href":"https:\/\/solucoespp.com.br\/sorteio5anos\/wp-json\/wp\/v2\/pages"}],"about":[{"href":"https:\/\/solucoespp.com.br\/sorteio5anos\/wp-json\/wp\/v2\/types\/page"}],"author":[{"embeddable":true,"href":"https:\/\/solucoespp.com.br\/sorteio5anos\/wp-json\/wp\/v2\/users\/1"}],"replies":[{"embeddable":true,"href":"https:\/\/solucoespp.com.br\/sorteio5anos\/wp-json\/wp\/v2\/comments?post=6"}],"version-history":[{"count":53,"href":"https:\/\/solucoespp.com.br\/sorteio5anos\/wp-json\/wp\/v2\/pages\/6\/revisions"}],"predecessor-version":[{"id":74,"href":"https:\/\/solucoespp.com.br\/sorteio5anos\/wp-json\/wp\/v2\/pages\/6\/revisions\/74"}],"wp:attachment":[{"href":"https:\/\/solucoespp.com.br\/sorteio5anos\/wp-json\/wp\/v2\/media?parent=6"}],"curies":[{"name":"wp","href":"https:\/\/api.w.org\/{rel}","templated":true}]}}